{"id":49092,"date":"2023-12-14T15:36:14","date_gmt":"2023-12-14T14:36:14","guid":{"rendered":"https:\/\/www.swissdentalacademy.com\/?page_id=49092"},"modified":"2024-02-29T09:04:15","modified_gmt":"2024-02-29T09:04:15","slug":"privacy-policy","status":"publish","type":"page","link":"https:\/\/www.swissdentalacademy.com\/es\/privacy-policy\/","title":{"rendered":"Privacy policy"},"content":{"rendered":"\t\t<div data-elementor-type=\"wp-page\" data-elementor-id=\"49092\" class=\"elementor elementor-49092 elementor-11729\" data-elementor-post-type=\"page\">\n\t\t\t\t\t\t<section class=\"has_eae_slider elementor-section elementor-top-section elementor-element elementor-element-8de2e86 elementor-section-boxed elementor-section-height-default elementor-section-height-default\" data-eae-slider=\"54822\" data-particle_enable=\"false\" data-particle-mobile-disabled=\"false\" data-id=\"8de2e86\" data-element_type=\"section\" data-e-type=\"section\">\n\t\t\t\t\t\t<div class=\"elementor-container elementor-column-gap-default\">\n\t\t\t\t\t<div class=\"has_eae_slider elementor-column elementor-col-100 elementor-top-column elementor-element elementor-element-6ac77bb\" data-eae-slider=\"23974\" data-id=\"6ac77bb\" data-element_type=\"column\" data-e-type=\"column\">\n\t\t\t<div class=\"elementor-widget-wrap elementor-element-populated\">\n\t\t\t\t\t\t<div class=\"elementor-element elementor-element-d0d5006 elementor-widget elementor-widget-heading\" data-id=\"d0d5006\" data-element_type=\"widget\" data-e-type=\"widget\" data-widget_type=\"heading.default\">\n\t\t\t\t<div class=\"elementor-widget-container\">\n\t\t\t\t\t<h2 class=\"elementor-heading-title elementor-size-default\">PRIVACY POLICY\n<\/h2>\t\t\t\t<\/div>\n\t\t\t\t<\/div>\n\t\t\t\t\t<\/div>\n\t\t<\/div>\n\t\t\t\t\t<\/div>\n\t\t<\/section>\n\t\t\t\t<section class=\"has_eae_slider elementor-section elementor-top-section elementor-element elementor-element-2352039 elementor-section-boxed elementor-section-height-default elementor-section-height-default\" data-eae-slider=\"22764\" data-particle_enable=\"false\" data-particle-mobile-disabled=\"false\" data-id=\"2352039\" data-element_type=\"section\" data-e-type=\"section\">\n\t\t\t\t\t\t<div class=\"elementor-container elementor-column-gap-default\">\n\t\t\t\t\t<div class=\"has_eae_slider elementor-column elementor-col-100 elementor-top-column elementor-element elementor-element-2450a3d policy-h4\" data-eae-slider=\"29762\" data-id=\"2450a3d\" data-element_type=\"column\" data-e-type=\"column\">\n\t\t\t<div class=\"elementor-widget-wrap elementor-element-populated\">\n\t\t\t\t\t\t<div class=\"elementor-element elementor-element-f2d8f7e imprint-content elementor-widget elementor-widget-text-editor\" data-id=\"f2d8f7e\" data-element_type=\"widget\" data-e-type=\"widget\" data-widget_type=\"text-editor.default\">\n\t\t\t\t<div class=\"elementor-widget-container\">\n\t\t\t\t\t\t\t\t\t<h4>Actualizado por \u00faltima vez en agosto de 2023<\/h4><p>E.M.S. Electro Medical Systems S.A., con domicilio social en Chemin de la Vuarpilli\u00e8re 31, 1260 Nyon, Suiza (<strong>\u00abNosotros\u00bb<\/strong>\u00a0o\u00a0<strong>\u00abEMS\u00bb<\/strong>) y sus filiales se comprometen a salvaguardar y respetar su privacidad.<\/p><p>La presente pol\u00edtica de privacidad establece la base sobre la que procesamos cualquier dato personal que recopilemos de usted o que usted nos proporcione. Los datos personales que procesamos EMS puede suministr\u00e1rselos en \u00faltima instancia por motivos comerciales leg\u00edtimos a cualquier miembro de nuestro grupo, incluidas nuestras filiales, nuestra empresa tenedora final y sus delegaciones.<\/p><p>La presente pol\u00edtica de privacidad se basa en los principios b\u00e1sicos indicados en el Reglamento General Europeo de Protecci\u00f3n de Datos (\u00abRGPD\u00bb) y en la Ley Federal Suiza de Protecci\u00f3n de Datos (\u00abFADP-CH\u00bb). No obstante, cuando los datos personales los recopila y procesa cualquier otro miembro de nuestro grupo ubicado fuera de Europa, se aplicar\u00e1 principalmente la legislaci\u00f3n de protecci\u00f3n de datos local.<\/p><p>Lea detenidamente la siguiente pol\u00edtica de privacidad para comprender nuestra postura y nuestras pr\u00e1cticas en relaci\u00f3n con sus datos personales, c\u00f3mo los gestionaremos y los fundamentos seg\u00fan los que los divulgaremos a terceros.<\/p><p>Al visitar las p\u00e1ginas web de EMS y\/o registrarse para alg\u00fan servicio y\/o suministrar informaci\u00f3n sobre usted, est\u00e1 aceptando y dando su consentimiento para que procesemos sus datos personales conforme a las pr\u00e1cticas descritas en la presente pol\u00edtica de privacidad. Nuestras p\u00e1ginas web pueden contener enlaces desde y hacia las p\u00e1ginas web de nuestras redes de socios, nuestros anunciantes, nuestras filiales o cualquier otra p\u00e1gina web de inter\u00e9s. Si sigue el enlace de cualquiera de estas p\u00e1ginas web, tenga en cuenta que dichas p\u00e1ginas tienen sus propias pol\u00edticas de privacidad y que nosotros no aceptamos ninguna responsabilidad u obligaci\u00f3n en relaci\u00f3n con dichas pol\u00edticas. Compruebe dichas pol\u00edticas antes de suministrar cualquier dato personal a dichas p\u00e1ginas web.<\/p><p>\u00a0<\/p><h4>TIPOS DE DATOS SOBRE USTED QUE PODEMOS RECOPILAR<\/h4><p>Podemos recopilar y procesar los siguientes datos sobre usted:<\/p><ul><li>Puede proporcionarnos informaci\u00f3n sobre usted rellenando los formularios de la presente p\u00e1gina web o los formularios en papel con motivo de alg\u00fan acto o manteniendo una correspondencia con nosotros por tel\u00e9fono, correo electr\u00f3nico, mensaje de texto o de cualquier otra manera. Esto incluye informaci\u00f3n que usted proporcione cuando se registre para utilizar la presente p\u00e1gina web, se suscriba a nuestros servicios o se apunte a boletines. Entre la informaci\u00f3n que nos proporcione, puede incluir su nombre, direcci\u00f3n postal, direcci\u00f3n de correo electr\u00f3nico, informaci\u00f3n de inicio de sesi\u00f3n si se registra en nuestros servicios en l\u00ednea, n\u00famero de tel\u00e9fono, idioma y pa\u00eds.<\/li><li>Adem\u00e1s, podemos recibir y procesar datos personales relativos a usted a trav\u00e9s de otras p\u00e1ginas web que gestionamos. Tambi\u00e9n trabajamos estrechamente con terceros (incluidos, por ejemplo, socios comerciales, subcontratistas de servicios t\u00e9cnicos y de reparto, redes publicitarias, proveedores anal\u00edticos o proveedores de informaci\u00f3n de b\u00fasqueda) y puede que recibamos informaci\u00f3n sobre usted por parte de ellos.<\/li><li>Adem\u00e1s, podemos recopilar informaci\u00f3n para administrar nuestras p\u00e1ginas web, como informaci\u00f3n t\u00e9cnica, incluida la direcci\u00f3n de Protocolo de Internet (IP, por sus siglas en ingl\u00e9s), su tipo de navegador, el Proveedor de Servicios de Internet (ISP), el n\u00famero de clics, su franja horaria, la versi\u00f3n de su navegador, su sistema operativo y las p\u00e1ginas que visite.<\/li><li>Es posible que procesemos datos personales sobre usted recopilados en el contexto de relaciones contractuales y\/o comerciales como por ejemplo informaci\u00f3n de contacto, historiales de interacciones con usted, sus compras con nosotros, informaci\u00f3n de su uso de nuestros productos, direcciones postales y otros detalles bancarios o de pago.<\/li><li>Asimismo, puede que procesemos otros contenidos como testimonios, encuestas y fotograf\u00edas o v\u00eddeos con su consentimiento expl\u00edcito.<\/li><\/ul><p>\u00a0<\/p><h4>POR QU\u00c9 EMS RECOPILA DATOS PERSONALES Y C\u00d3MO LOS USA<\/h4><p>Conservamos y procesamos sus datos personales \u00fanicamente si contamos con una base jur\u00eddica para hacerlo, como su propio consentimiento cuando sea necesario para establecer una relaci\u00f3n contractual con usted, para satisfacer nuestros intereses leg\u00edtimos (p. ej. actividades de marketing directo), para respetar exigencias jur\u00eddicas o si estamos autorizados.<\/p><p>EMS puede emplear sus datos personales para algunos de los siguientes fines o para todos ellos:<\/p><ul><li><strong>Comunicaciones comerciales:<\/strong>\u00a0para proporcionarle informaci\u00f3n acerca de un producto o un servicio nuestro que creamos que pueda serle de inter\u00e9s; para proporcionarle informaci\u00f3n sobre otros bienes y servicios que ofrecemos que son similares a aquellos que usted ya ha utilizado; para adaptar el contenido que le mostremos. No obstante, usted puede oponerse a esta manera de procesar sus datos personales. Al hacerlo, nosotros dejaremos de procesar sus datos con fines de marketing directo.<\/li><li><strong>Servicio de atenci\u00f3n al cliente:<\/strong>\u00a0para proporcionarle servicios de atenci\u00f3n al cliente; para prestarle el servicio y para mantener una correspondencia con usted en relaci\u00f3n con los servicios y productos de EMS; para notificarle acerca de cambios en nuestros servicios, cuando usted opte por ello; para contestar a sus preguntas, quejas y comentarios generales sobre nuestros productos.<\/li><li><strong>Celebraci\u00f3n de contratos y relaci\u00f3n comercial:<\/strong>\u00a0es posible que recopilemos y procesemos datos personales necesarios para la correcta celebraci\u00f3n de un contrato del que usted sea parte con EMS. Esto puede incluir la venta y distribuci\u00f3n de productos y el servicio de posventa de nuestros productos y servicios.<\/li><li><strong>Administraci\u00f3n de p\u00e1ginas web:<\/strong>\u00a0para administrar nuestras p\u00e1ginas web y para operaciones internas, incluidos fines estad\u00edsticos y de estudios de mercado o relacionados con el desarrollo de productos, la resoluci\u00f3n de problemas, el an\u00e1lisis de datos, las pruebas o la investigaci\u00f3n; para mejorar nuestras p\u00e1ginas web y para garantizar que los contenidos se presenten de la manera m\u00e1s eficaz para usted y su ordenador o para otros dispositivos utilizados para acceder a nuestras p\u00e1ginas web.<\/li><li><strong>Evaluaci\u00f3n del comportamiento:<\/strong>\u00a0es posible que procesemos datos personales con el objetivo de llevar a cabo una evaluaci\u00f3n en grupo del comportamiento general de nuestros clientes, para la administraci\u00f3n del sistema y para dar parte de informaci\u00f3n estad\u00edstica agregada sobre acciones y patrones de navegaci\u00f3n.<\/li><\/ul><p>\u00a0<\/p><h4>PROTECCI\u00d3N DE LA PRIVACIDAD DE MENORES<\/h4><p>EMS no recopila deliberadamente datos personales de menores y sus p\u00e1ginas web no est\u00e1n dise\u00f1adas para menores. Si EMS se da cuenta de que ha recopilado por accidente datos personales de menores, los borrar\u00e1 de inmediato.<\/p><p>\u00a0<\/p><h4>CONSERVACI\u00d3N DE DATOS<\/h4><p>EMS y cualquier otro miembro de nuestro grupo \u00fanicamente conservar\u00e1n sus datos personales el tiempo que sea necesario para los fines para los que dichos datos hayan sido recopilados en un principio y\/o conforme a las obligaciones de conservaci\u00f3n de datos espec\u00edficas establecidas por las normativas nacionales.<\/p><p>Concretamente, conforme a la legislaci\u00f3n suiza, se aplicar\u00e1 lo siguiente:<\/p><p>La informaci\u00f3n sobre las transacciones jur\u00eddicas que tengan lugar entre usted y EMS se conserva durante un periodo de 10 a\u00f1os desde la finalizaci\u00f3n de la transacci\u00f3n jur\u00eddica, de conformidad con el periodo de limitaci\u00f3n general establecido para demandas civiles en Suiza;<\/p><p>La informaci\u00f3n de facturaci\u00f3n se conserva durante un periodo de 10 a\u00f1os desde el cierre del ejercicio contable al que est\u00e9 vinculada, de conformidad con la legislaci\u00f3n suiza sobre fiscalidad y contabilidad;<\/p><p>La informaci\u00f3n de contacto (nombres, direcciones postales y electr\u00f3nicas, n\u00fameros de tel\u00e9fono) empleada con fines de marketing directo puede conservarse durante un periodo ilimitado, de ser permisible conforme a la legislaci\u00f3n en vigor, a menos que usted le solicite a EMS que borre su informaci\u00f3n o que deje de procesarla de alg\u00fan otro modo.<\/p><p>\u00a0<\/p><h4>INTERCAMBIO DE SU INFORMACI\u00d3N<\/h4><p>Es posible que compartamos por motivos comerciales leg\u00edtimos los datos personales que usted nos proporcione con cualquier miembro de nuestro grupo, incluidas nuestras filiales, nuestra empresa tenedora final y sus delegaciones.<\/p><p>EMS puede llevar a cabo algunas de sus funciones contando con proveedores terceros para que efect\u00faen actividades especializadas, p. ej., con el objetivo de ayudarnos a mejorar nuestras p\u00e1ginas web, promocionar nuestros productos, etc. Los datos personales que usted proporcione puede que los compartamos con dichos proveedores para permitir que efect\u00faen las tareas acordadas. No obstante, se exige a dichos proveedores que utilicen exclusivamente la informaci\u00f3n recibida para los servicios respectivos en nombre de EMS y tal y como EMS les indique. EMS exigir\u00e1 a dichos terceros, cuya sede puede encontrarse fuera del pa\u00eds desde el que usted haya accedido a las p\u00e1ginas web o servicios de EMS, que respeten todas las exigencias de seguridad y protecci\u00f3n de datos pertinentes en relaci\u00f3n con sus datos personales.<\/p><p>EMS no compartir\u00e1 sus datos personales con terceros que tengan la intenci\u00f3n de usarlos para propios objetivos de marketing directo.<\/p><p>En caso de que EMS venda o compre cualquier negocio o activo, EMS divulgar\u00e1 sus datos personales con el posible vendedor o comprador de dichos negocios o activos.<\/p><p>EMS puede divulgar su informaci\u00f3n personal sin su consentimiento si la divulgaci\u00f3n:<\/p><ul><li>la exige o autoriza la ley<\/li><li>la exige un organismo de orden p\u00fablico para investigar actividades il\u00edcitas<\/li><li>en aquellos casos en lo que consideremos que hay una emergencia, una actividad ilegal o exista alguna base razonable para notific\u00e1rselo a la autoridad correspondiente<\/li><\/ul><p>\u00a0<\/p><h4>D\u00d3NDE ALMACENAMOS SUS DATOS PERSONALES<\/h4><p>EMS puede almacenar sus datos personales en diversas ubicaciones y, en \u00faltima instancia, aprovechar el apoyo de proveedores de servicios externos.<\/p><p>A continuaci\u00f3n figura una lista resumida:<\/p><ul><li>Centro(s) de datos locales de EMS en EMS SA y otras entidades de EMS<\/li><li>Centro(s) de datos en la nube de EMS<\/li><li>Plataformas en l\u00ednea y sistemas en la nube (SaaS)<\/li><\/ul><p>No trasferiremos sus datos a ning\u00fan receptor ubicado fuera del Espacio Econ\u00f3mico Europeo (\u00abEEE\u00bb), excepto si dicho pa\u00eds tercero en el que el receptor est\u00e9 ubicado garantiza un nivel de protecci\u00f3n de datos adecuado o nosotros hayamos implantado un contrato l\u00edcito y un mecanismo de transferencia de datos o cualquier otra protecci\u00f3n necesaria.<\/p><p>En caso de transferencia fuera del EEE o a un pa\u00eds con un nivel de protecci\u00f3n de datos que no sea adecuado, se nos exige adem\u00e1s que le informemos y usted tiene derecho a solicitarnos qu\u00e9 tipo de medidas de protecci\u00f3n adecuadas hemos implantado con el fin de proteger sus datos personales.<\/p><p>\u00a0<\/p><h4>MEDIDAS DE SEGURIDAD<\/h4><p>EMS establece la seguridad de conformidad con el RGPD y FADP-CH. Las medidas tomadas por nuestra empresa en relaci\u00f3n con la seguridad de los datos garantizar\u00e1n un nivel adecuado de protecci\u00f3n frente a riesgos que afecten a la confidencialidad, integridad, disponibilidad y resistencia de los sistemas y los datos.<\/p><p>Hemos implantado medidas de seguridad para garantizar que su informaci\u00f3n personal se mantenga segura y nuestras p\u00e1ginas web y sistemas inform\u00e1ticos cuentan con mecanismos de seguridad implantados para ayudar a proteger contra la p\u00e9rdida, el uso indebido y la alteraci\u00f3n de la informaci\u00f3n bajo control.<\/p><p>Restringimos el acceso de los datos personales sobre usted a nuestros empleados y agentes terceros, de quienes pensamos que tienen la necesidad razonable de acceder a su informaci\u00f3n para proporcionarle la informaci\u00f3n y los servicios que usted nos solicita.<\/p><p>En el caso de que le hayamos proporcionado (o usted haya elegido) una contrase\u00f1a que le permita acceder a determinadas partes de nuestras p\u00e1ginas web, usted ser\u00e1 responsable de mantener confidencial dicha contrase\u00f1a.<\/p><p>No obstante, ning\u00fan m\u00e9todo de transmisi\u00f3n por internet es 100 % seguro. Aunque nosotros hagamos lo que est\u00e1 en nuestra mano para proteger sus datos personales, no podemos garantizar una seguridad absoluta de la transmisi\u00f3n de sus datos a nuestros sistemas. Cualquier transmisi\u00f3n se lleva a cabo bajo su propia responsabilidad. Una vez que hayamos recibido su informaci\u00f3n, emplearemos procedimientos y opciones de seguridad estrictos para intentar evitar cualquier acceso no autorizado.<\/p><p>\u00a0<\/p><h4>SUS DERECHOS<\/h4><p>Puede ponerse en contacto con nosotros para solicitarnos acceso en cualquier momento a sus datos personales. Le facilitaremos una copia de su informaci\u00f3n personal previa solicitud.<\/p><p>Puede solicitarnos que corrijamos cualquier imprecisi\u00f3n en sus datos personales.<\/p><p>Puede pedirnos que borremos la informaci\u00f3n que tenemos de su cuenta. No obstante, tenemos que hacer un seguimiento de cierta informaci\u00f3n de transacci\u00f3n con fines de cumplimiento jur\u00eddico, por lo que es posible que no podamos borrar por completo su informaci\u00f3n en determinadas circunstancias.<\/p><p>Puede solicitarnos en cualquier momento que le demos de baja de comunicaciones comerciales. Si desea darse de baja de las comunicaciones comerciales, puede hacerlo haciendo clic en el enlace para darse de baja que figura en cada correo electr\u00f3nico.<\/p><p>Tiene derecho a que le informen de cualquier proceso de toma de decisi\u00f3n autom\u00e1tico, incluida la elaboraci\u00f3n de perfiles que podamos decidir llevar a cabo.<\/p><p>En el caso de que, en su opini\u00f3n, el procesamiento de sus datos personales infrinja la legislaci\u00f3n de protecci\u00f3n de datos de la UE, tiene derecho a presentar una reclamaci\u00f3n ante las autoridades correspondientes en el pa\u00eds en el que usted se encuentre o en cualquier lugar de la UE en el que crea que ha tenido lugar la infracci\u00f3n.<\/p><p>Puede ejercer sus derechos en cualquier momento poni\u00e9ndose en contacto con nosotros en la direcci\u00f3n indicada m\u00e1s adelante.<\/p><p>\u00a0<\/p><h4>COOKIES<\/h4><p>Para m\u00e1s informaci\u00f3n detallada relativa a cookies y protecci\u00f3n de datos, consulte nuestra p\u00e1gina dedicada al asunto titulada \u00ab<a href=\"https:\/\/www.ems-dental.com\/es\/cookie-policy\" target=\"_blank\" rel=\"noopener\">Pol\u00edtica de cookies<\/a>\u00bb en nuestra p\u00e1gina de empresa.<\/p><h4>\u00a0<\/h4><h4>CAMBIOS EN NUESTRA POL\u00cdTICA DE PRIVACIDAD<\/h4><p>EMS se reserva el derecho a modificar la presente pol\u00edtica de privacidad en cualquier momento. Le animamos a que visite con frecuencia nuestras p\u00e1ginas web para asegurarse de que es consciente de cualquier cambio en la presente pol\u00edtica de privacidad. Si efectuamos cambios materiales a la presente pol\u00edtica de privacidad, se lo notificaremos aqu\u00ed, por correo electr\u00f3nico o por medio de una notificaci\u00f3n en nuestra p\u00e1gina de inicio.<\/p><p>La fecha en la parte superior de la presente p\u00e1gina indica cuando se actualiz\u00f3 por \u00faltima vez la presente pol\u00edtica de privacidad.<\/p><p>\u00a0<\/p><h4>DETALLES DE CONTACTO<\/h4><p>Si tiene cualquier pregunta, comentario o solicitud relativas a sus datos personales, env\u00edenos un correo electr\u00f3nico a la siguiente direcci\u00f3n:\u00a0<a href=\"mailto:privacy@ems-ch.com\">privacy@ems-ch.com<\/a>\u00a0o p\u00f3ngase en contacto con nosotros en:<\/p><p><strong>E.M.S. Electro Medical Systems S.A<\/strong><br \/>Responsable de Protecci\u00f3n de Datos<br \/>Chemin de la Vuarpilli\u00e8re 31<br \/>1260 Nyon, Suiza<\/p>\t\t\t\t\t\t\t\t<\/div>\n\t\t\t\t<\/div>\n\t\t\t\t\t<\/div>\n\t\t<\/div>\n\t\t\t\t\t<\/div>\n\t\t<\/section>\n\t\t\t\t<\/div>\n\t\t","protected":false},"excerpt":{"rendered":"<p>PRIVACY POLICY Actualizado por \u00faltima vez en agosto de 2023 E.M.S. Electro Medical Systems S.A., con domicilio social en Chemin de la Vuarpilli\u00e8re 31, 1260 Nyon, Suiza (\u00abNosotros\u00bb\u00a0o\u00a0\u00abEMS\u00bb) y sus filiales se comprometen a salvaguardar y respetar su privacidad. La presente pol\u00edtica de privacidad establece la base sobre la que procesamos cualquier dato personal que [&hellip;]<\/p>\n","protected":false},"author":275,"featured_media":0,"parent":0,"menu_order":0,"comment_status":"closed","ping_status":"closed","template":"","meta":{"_acf_changed":false,"inline_featured_image":false,"site-sidebar-layout":"no-sidebar","site-content-layout":"","ast-site-content-layout":"full-width-container","site-content-style":"default","site-sidebar-style":"default","ast-global-header-display":"","ast-banner-title-visibility":"","ast-main-header-display":"","ast-hfb-above-header-display":"","ast-hfb-below-header-display":"","ast-hfb-mobile-header-display":"","site-post-title":"disabled","ast-breadcrumbs-content":"","ast-featured-img":"disabled","footer-sml-layout":"","ast-disable-related-posts":"","theme-transparent-header-meta":"","adv-header-id-meta":"","stick-header-meta":"","header-above-stick-meta":"","header-main-stick-meta":"","header-below-stick-meta":"","astra-migrate-meta-layouts":"default","ast-page-background-enabled":"default","ast-page-background-meta":{"desktop":{"background-color":"var(--ast-global-color-4)","background-image":"","background-repeat":"repeat","background-position":"center center","background-size":"auto","background-attachment":"scroll","background-type":"","background-media":"","overlay-type":"","overlay-color":"","overlay-opacity":"","overlay-gradient":""},"tablet":{"background-color":"","background-image":"","background-repeat":"repeat","background-position":"center center","background-size":"auto","background-attachment":"scroll","background-type":"","background-media":"","overlay-type":"","overlay-color":"","overlay-opacity":"","overlay-gradient":""},"mobile":{"background-color":"","background-image":"","background-repeat":"repeat","background-position":"center center","background-size":"auto","background-attachment":"scroll","background-type":"","background-media":"","overlay-type":"","overlay-color":"","overlay-opacity":"","overlay-gradient":""}},"ast-content-background-meta":{"desktop":{"background-color":"var(--ast-global-color-5)","background-image":"","background-repeat":"repeat","background-position":"center center","background-size":"auto","background-attachment":"scroll","background-type":"","background-media":"","overlay-type":"","overlay-color":"","overlay-opacity":"","overlay-gradient":""},"tablet":{"background-color":"var(--ast-global-color-5)","background-image":"","background-repeat":"repeat","background-position":"center center","background-size":"auto","background-attachment":"scroll","background-type":"","background-media":"","overlay-type":"","overlay-color":"","overlay-opacity":"","overlay-gradient":""},"mobile":{"background-color":"var(--ast-global-color-5)","background-image":"","background-repeat":"repeat","background-position":"center center","background-size":"auto","background-attachment":"scroll","background-type":"","background-media":"","overlay-type":"","overlay-color":"","overlay-opacity":"","overlay-gradient":""}},"footnotes":""},"class_list":["post-49092","page","type-page","status-publish","hentry"],"acf":[],"_links":{"self":[{"href":"https:\/\/www.swissdentalacademy.com\/es\/wp-json\/wp\/v2\/pages\/49092","targetHints":{"allow":["GET"]}}],"collection":[{"href":"https:\/\/www.swissdentalacademy.com\/es\/wp-json\/wp\/v2\/pages"}],"about":[{"href":"https:\/\/www.swissdentalacademy.com\/es\/wp-json\/wp\/v2\/types\/page"}],"author":[{"embeddable":true,"href":"https:\/\/www.swissdentalacademy.com\/es\/wp-json\/wp\/v2\/users\/275"}],"replies":[{"embeddable":true,"href":"https:\/\/www.swissdentalacademy.com\/es\/wp-json\/wp\/v2\/comments?post=49092"}],"version-history":[{"count":0,"href":"https:\/\/www.swissdentalacademy.com\/es\/wp-json\/wp\/v2\/pages\/49092\/revisions"}],"wp:attachment":[{"href":"https:\/\/www.swissdentalacademy.com\/es\/wp-json\/wp\/v2\/media?parent=49092"}],"curies":[{"name":"wp","href":"https:\/\/api.w.org\/{rel}","templated":true}]}}